{"id":28,"date":"2015-05-30T19:37:32","date_gmt":"2015-05-30T18:37:32","guid":{"rendered":"http:\/\/localhost\/wordpress-4.2.2\/?page_id=28"},"modified":"2015-09-16T23:13:00","modified_gmt":"2015-09-16T22:13:00","slug":"departements","status":"publish","type":"page","link":"http:\/\/ww.univ-sba.dz\/fsecg\/departements\/","title":{"rendered":"P\u00e9dagogie"},"content":{"rendered":"<div id=\"pl-28\"  class=\"panel-layout\" ><div id=\"pg-28-0\"  class=\"panel-grid panel-no-style\" ><div id=\"pgc-28-0-0\"  class=\"panel-grid-cell\" ><div id=\"panel-28-0-0-0\" class=\"so-panel widget panel-first-child panel-last-child\" data-index=\"0\" ><\/div><\/div><\/div><\/div>","protected":false},"excerpt":{"rendered":"<p>La facult\u00e9 comprend 04 d\u00e9partements :D\u00e9partement des Sciences \u00c9conomiquesD\u00e9partement des Sciences CommercialesD\u00e9partement des Sciences de gestionD\u00e9partement de Comptabilit\u00e9 (Nouveau)Les D\u00e9partement assurent les parcours de la Licence ainsi que les diff\u00e9rent MASTER.Pour ce qui est du tronc commun de la Licence , il est administr\u00e9 par les 03 Chefs de D\u00e9partements en collaboration avec le Vice [&hellip;]<\/p>\n","protected":false},"author":7,"featured_media":0,"parent":0,"menu_order":2,"comment_status":"closed","ping_status":"closed","template":"","meta":{"footnotes":""},"class_list":["post-28","page","type-page","status-publish","hentry"],"yoast_head":"<!-- This site is optimized with the Yoast SEO plugin v27.3 - https:\/\/yoast.com\/product\/yoast-seo-wordpress\/ -->\n<title>P\u00e9dagogie - \u0643\u0644\u06cc\u0629 \u0627\u0644\u0639\u0644\u0648\u0645 \u0627\u0644\u0627\u0642\u062a\u0635\u0627\u062f\u06cc\u0629\u060c \u0627\u0644\u062a\u062c\u0627\u0631\u06cc\u0629\u060c \u0648\u0639\u0644\u0648\u0645 \u0627\u0644\u062a\u0633\u06cc\u06cc\u0631<\/title>\n<meta name=\"robots\" content=\"index, follow, max-snippet:-1, max-image-preview:large, max-video-preview:-1\" \/>\n<link rel=\"canonical\" href=\"http:\/\/ww.univ-sba.dz\/fsecg\/departements\/\" \/>\n<meta property=\"og:locale\" content=\"fr_FR\" \/>\n<meta property=\"og:type\" content=\"article\" \/>\n<meta property=\"og:title\" content=\"P\u00e9dagogie - \u0643\u0644\u06cc\u0629 \u0627\u0644\u0639\u0644\u0648\u0645 \u0627\u0644\u0627\u0642\u062a\u0635\u0627\u062f\u06cc\u0629\u060c \u0627\u0644\u062a\u062c\u0627\u0631\u06cc\u0629\u060c \u0648\u0639\u0644\u0648\u0645 \u0627\u0644\u062a\u0633\u06cc\u06cc\u0631\" \/>\n<meta property=\"og:description\" content=\"La facult\u00e9 comprend 04 d\u00e9partements :D\u00e9partement des Sciences \u00c9conomiquesD\u00e9partement des Sciences CommercialesD\u00e9partement des Sciences de gestionD\u00e9partement de Comptabilit\u00e9 (Nouveau)Les D\u00e9partement assurent les parcours de la Licence ainsi que les diff\u00e9rent MASTER.Pour ce qui est du tronc commun de la Licence , il est administr\u00e9 par les 03 Chefs de D\u00e9partements en collaboration avec le Vice [&hellip;]\" \/>\n<meta property=\"og:url\" content=\"http:\/\/ww.univ-sba.dz\/fsecg\/departements\/\" \/>\n<meta property=\"og:site_name\" content=\"\u0643\u0644\u06cc\u0629 \u0627\u0644\u0639\u0644\u0648\u0645 \u0627\u0644\u0627\u0642\u062a\u0635\u0627\u062f\u06cc\u0629\u060c \u0627\u0644\u062a\u062c\u0627\u0631\u06cc\u0629\u060c \u0648\u0639\u0644\u0648\u0645 \u0627\u0644\u062a\u0633\u06cc\u06cc\u0631\" \/>\n<meta property=\"article:modified_time\" content=\"2015-09-16T22:13:00+00:00\" \/>\n<meta property=\"og:image\" content=\"http:\/\/193.194.79.133\/fsecg\/wp-content\/uploads\/2015\/06\/wp51d3c836.gif\" \/>\n<meta name=\"twitter:card\" content=\"summary_large_image\" \/>\n<meta name=\"twitter:label1\" content=\"Dur\u00e9e de lecture estim\u00e9e\" \/>\n\t<meta name=\"twitter:data1\" content=\"1 minute\" \/>\n<script type=\"application\/ld+json\" class=\"yoast-schema-graph\">{\"@context\":\"https:\\\/\\\/schema.org\",\"@graph\":[{\"@type\":\"WebPage\",\"@id\":\"http:\\\/\\\/ww.univ-sba.dz\\\/fsecg\\\/departements\\\/\",\"url\":\"http:\\\/\\\/ww.univ-sba.dz\\\/fsecg\\\/departements\\\/\",\"name\":\"P\u00e9dagogie - \u0643\u0644\u06cc\u0629 \u0627\u0644\u0639\u0644\u0648\u0645 \u0627\u0644\u0627\u0642\u062a\u0635\u0627\u062f\u06cc\u0629\u060c \u0627\u0644\u062a\u062c\u0627\u0631\u06cc\u0629\u060c \u0648\u0639\u0644\u0648\u0645 \u0627\u0644\u062a\u0633\u06cc\u06cc\u0631\",\"isPartOf\":{\"@id\":\"http:\\\/\\\/ww.univ-sba.dz\\\/fsecg\\\/#website\"},\"primaryImageOfPage\":{\"@id\":\"http:\\\/\\\/ww.univ-sba.dz\\\/fsecg\\\/departements\\\/#primaryimage\"},\"image\":{\"@id\":\"http:\\\/\\\/ww.univ-sba.dz\\\/fsecg\\\/departements\\\/#primaryimage\"},\"thumbnailUrl\":\"http:\\\/\\\/193.194.79.133\\\/fsecg\\\/wp-content\\\/uploads\\\/2015\\\/06\\\/wp51d3c836.gif\",\"datePublished\":\"2015-05-30T18:37:32+00:00\",\"dateModified\":\"2015-09-16T22:13:00+00:00\",\"breadcrumb\":{\"@id\":\"http:\\\/\\\/ww.univ-sba.dz\\\/fsecg\\\/departements\\\/#breadcrumb\"},\"inLanguage\":\"fr-FR\",\"potentialAction\":[{\"@type\":\"ReadAction\",\"target\":[\"http:\\\/\\\/ww.univ-sba.dz\\\/fsecg\\\/departements\\\/\"]}]},{\"@type\":\"ImageObject\",\"inLanguage\":\"fr-FR\",\"@id\":\"http:\\\/\\\/ww.univ-sba.dz\\\/fsecg\\\/departements\\\/#primaryimage\",\"url\":\"http:\\\/\\\/193.194.79.133\\\/fsecg\\\/wp-content\\\/uploads\\\/2015\\\/06\\\/wp51d3c836.gif\",\"contentUrl\":\"http:\\\/\\\/193.194.79.133\\\/fsecg\\\/wp-content\\\/uploads\\\/2015\\\/06\\\/wp51d3c836.gif\"},{\"@type\":\"BreadcrumbList\",\"@id\":\"http:\\\/\\\/ww.univ-sba.dz\\\/fsecg\\\/departements\\\/#breadcrumb\",\"itemListElement\":[{\"@type\":\"ListItem\",\"position\":1,\"name\":\"Accueil\",\"item\":\"http:\\\/\\\/ww.univ-sba.dz\\\/fsecg\\\/\"},{\"@type\":\"ListItem\",\"position\":2,\"name\":\"P\u00e9dagogie\"}]},{\"@type\":\"WebSite\",\"@id\":\"http:\\\/\\\/ww.univ-sba.dz\\\/fsecg\\\/#website\",\"url\":\"http:\\\/\\\/ww.univ-sba.dz\\\/fsecg\\\/\",\"name\":\"\u0643\u0644\u06cc\u0629 \u0627\u0644\u0639\u0644\u0648\u0645 \u0627\u0644\u0627\u0642\u062a\u0635\u0627\u062f\u06cc\u0629\u060c \u0627\u0644\u062a\u062c\u0627\u0631\u06cc\u0629\u060c \u0648\u0639\u0644\u0648\u0645 \u0627\u0644\u062a\u0633\u06cc\u06cc\u0631\",\"description\":\"\",\"publisher\":{\"@id\":\"http:\\\/\\\/ww.univ-sba.dz\\\/fsecg\\\/#organization\"},\"potentialAction\":[{\"@type\":\"SearchAction\",\"target\":{\"@type\":\"EntryPoint\",\"urlTemplate\":\"http:\\\/\\\/ww.univ-sba.dz\\\/fsecg\\\/?s={search_term_string}\"},\"query-input\":{\"@type\":\"PropertyValueSpecification\",\"valueRequired\":true,\"valueName\":\"search_term_string\"}}],\"inLanguage\":\"fr-FR\"},{\"@type\":\"Organization\",\"@id\":\"http:\\\/\\\/ww.univ-sba.dz\\\/fsecg\\\/#organization\",\"name\":\"\u0643\u0644\u06cc\u0629 \u0627\u0644\u0639\u0644\u0648\u0645 \u0627\u0644\u0627\u0642\u062a\u0635\u0627\u062f\u06cc\u0629\u060c \u0627\u0644\u062a\u062c\u0627\u0631\u06cc\u0629\u060c \u0648\u0639\u0644\u0648\u0645 \u0627\u0644\u062a\u0633\u06cc\u06cc\u0631\",\"url\":\"http:\\\/\\\/ww.univ-sba.dz\\\/fsecg\\\/\",\"logo\":{\"@type\":\"ImageObject\",\"inLanguage\":\"fr-FR\",\"@id\":\"http:\\\/\\\/ww.univ-sba.dz\\\/fsecg\\\/#\\\/schema\\\/logo\\\/image\\\/\",\"url\":\"http:\\\/\\\/ww.univ-sba.dz\\\/fsecg\\\/wp-content\\\/uploads\\\/2024\\\/06\\\/NEW_LOGO_UDL.png\",\"contentUrl\":\"http:\\\/\\\/ww.univ-sba.dz\\\/fsecg\\\/wp-content\\\/uploads\\\/2024\\\/06\\\/NEW_LOGO_UDL.png\",\"width\":5106,\"height\":8241,\"caption\":\"\u0643\u0644\u06cc\u0629 \u0627\u0644\u0639\u0644\u0648\u0645 \u0627\u0644\u0627\u0642\u062a\u0635\u0627\u062f\u06cc\u0629\u060c \u0627\u0644\u062a\u062c\u0627\u0631\u06cc\u0629\u060c \u0648\u0639\u0644\u0648\u0645 \u0627\u0644\u062a\u0633\u06cc\u06cc\u0631\"},\"image\":{\"@id\":\"http:\\\/\\\/ww.univ-sba.dz\\\/fsecg\\\/#\\\/schema\\\/logo\\\/image\\\/\"}}]}<\/script>\n<!-- \/ Yoast SEO plugin. -->","yoast_head_json":{"title":"P\u00e9dagogie - \u0643\u0644\u06cc\u0629 \u0627\u0644\u0639\u0644\u0648\u0645 \u0627\u0644\u0627\u0642\u062a\u0635\u0627\u062f\u06cc\u0629\u060c \u0627\u0644\u062a\u062c\u0627\u0631\u06cc\u0629\u060c \u0648\u0639\u0644\u0648\u0645 \u0627\u0644\u062a\u0633\u06cc\u06cc\u0631","robots":{"index":"index","follow":"follow","max-snippet":"max-snippet:-1","max-image-preview":"max-image-preview:large","max-video-preview":"max-video-preview:-1"},"canonical":"http:\/\/ww.univ-sba.dz\/fsecg\/departements\/","og_locale":"fr_FR","og_type":"article","og_title":"P\u00e9dagogie - \u0643\u0644\u06cc\u0629 \u0627\u0644\u0639\u0644\u0648\u0645 \u0627\u0644\u0627\u0642\u062a\u0635\u0627\u062f\u06cc\u0629\u060c \u0627\u0644\u062a\u062c\u0627\u0631\u06cc\u0629\u060c \u0648\u0639\u0644\u0648\u0645 \u0627\u0644\u062a\u0633\u06cc\u06cc\u0631","og_description":"La facult\u00e9 comprend 04 d\u00e9partements :D\u00e9partement des Sciences \u00c9conomiquesD\u00e9partement des Sciences CommercialesD\u00e9partement des Sciences de gestionD\u00e9partement de Comptabilit\u00e9 (Nouveau)Les D\u00e9partement assurent les parcours de la Licence ainsi que les diff\u00e9rent MASTER.Pour ce qui est du tronc commun de la Licence , il est administr\u00e9 par les 03 Chefs de D\u00e9partements en collaboration avec le Vice [&hellip;]","og_url":"http:\/\/ww.univ-sba.dz\/fsecg\/departements\/","og_site_name":"\u0643\u0644\u06cc\u0629 \u0627\u0644\u0639\u0644\u0648\u0645 \u0627\u0644\u0627\u0642\u062a\u0635\u0627\u062f\u06cc\u0629\u060c \u0627\u0644\u062a\u062c\u0627\u0631\u06cc\u0629\u060c \u0648\u0639\u0644\u0648\u0645 \u0627\u0644\u062a\u0633\u06cc\u06cc\u0631","article_modified_time":"2015-09-16T22:13:00+00:00","og_image":[{"url":"http:\/\/193.194.79.133\/fsecg\/wp-content\/uploads\/2015\/06\/wp51d3c836.gif","type":"","width":"","height":""}],"twitter_card":"summary_large_image","twitter_misc":{"Dur\u00e9e de lecture estim\u00e9e":"1 minute"},"schema":{"@context":"https:\/\/schema.org","@graph":[{"@type":"WebPage","@id":"http:\/\/ww.univ-sba.dz\/fsecg\/departements\/","url":"http:\/\/ww.univ-sba.dz\/fsecg\/departements\/","name":"P\u00e9dagogie - \u0643\u0644\u06cc\u0629 \u0627\u0644\u0639\u0644\u0648\u0645 \u0627\u0644\u0627\u0642\u062a\u0635\u0627\u062f\u06cc\u0629\u060c \u0627\u0644\u062a\u062c\u0627\u0631\u06cc\u0629\u060c \u0648\u0639\u0644\u0648\u0645 \u0627\u0644\u062a\u0633\u06cc\u06cc\u0631","isPartOf":{"@id":"http:\/\/ww.univ-sba.dz\/fsecg\/#website"},"primaryImageOfPage":{"@id":"http:\/\/ww.univ-sba.dz\/fsecg\/departements\/#primaryimage"},"image":{"@id":"http:\/\/ww.univ-sba.dz\/fsecg\/departements\/#primaryimage"},"thumbnailUrl":"http:\/\/193.194.79.133\/fsecg\/wp-content\/uploads\/2015\/06\/wp51d3c836.gif","datePublished":"2015-05-30T18:37:32+00:00","dateModified":"2015-09-16T22:13:00+00:00","breadcrumb":{"@id":"http:\/\/ww.univ-sba.dz\/fsecg\/departements\/#breadcrumb"},"inLanguage":"fr-FR","potentialAction":[{"@type":"ReadAction","target":["http:\/\/ww.univ-sba.dz\/fsecg\/departements\/"]}]},{"@type":"ImageObject","inLanguage":"fr-FR","@id":"http:\/\/ww.univ-sba.dz\/fsecg\/departements\/#primaryimage","url":"http:\/\/193.194.79.133\/fsecg\/wp-content\/uploads\/2015\/06\/wp51d3c836.gif","contentUrl":"http:\/\/193.194.79.133\/fsecg\/wp-content\/uploads\/2015\/06\/wp51d3c836.gif"},{"@type":"BreadcrumbList","@id":"http:\/\/ww.univ-sba.dz\/fsecg\/departements\/#breadcrumb","itemListElement":[{"@type":"ListItem","position":1,"name":"Accueil","item":"http:\/\/ww.univ-sba.dz\/fsecg\/"},{"@type":"ListItem","position":2,"name":"P\u00e9dagogie"}]},{"@type":"WebSite","@id":"http:\/\/ww.univ-sba.dz\/fsecg\/#website","url":"http:\/\/ww.univ-sba.dz\/fsecg\/","name":"\u0643\u0644\u06cc\u0629 \u0627\u0644\u0639\u0644\u0648\u0645 \u0627\u0644\u0627\u0642\u062a\u0635\u0627\u062f\u06cc\u0629\u060c \u0627\u0644\u062a\u062c\u0627\u0631\u06cc\u0629\u060c \u0648\u0639\u0644\u0648\u0645 \u0627\u0644\u062a\u0633\u06cc\u06cc\u0631","description":"","publisher":{"@id":"http:\/\/ww.univ-sba.dz\/fsecg\/#organization"},"potentialAction":[{"@type":"SearchAction","target":{"@type":"EntryPoint","urlTemplate":"http:\/\/ww.univ-sba.dz\/fsecg\/?s={search_term_string}"},"query-input":{"@type":"PropertyValueSpecification","valueRequired":true,"valueName":"search_term_string"}}],"inLanguage":"fr-FR"},{"@type":"Organization","@id":"http:\/\/ww.univ-sba.dz\/fsecg\/#organization","name":"\u0643\u0644\u06cc\u0629 \u0627\u0644\u0639\u0644\u0648\u0645 \u0627\u0644\u0627\u0642\u062a\u0635\u0627\u062f\u06cc\u0629\u060c \u0627\u0644\u062a\u062c\u0627\u0631\u06cc\u0629\u060c \u0648\u0639\u0644\u0648\u0645 \u0627\u0644\u062a\u0633\u06cc\u06cc\u0631","url":"http:\/\/ww.univ-sba.dz\/fsecg\/","logo":{"@type":"ImageObject","inLanguage":"fr-FR","@id":"http:\/\/ww.univ-sba.dz\/fsecg\/#\/schema\/logo\/image\/","url":"http:\/\/ww.univ-sba.dz\/fsecg\/wp-content\/uploads\/2024\/06\/NEW_LOGO_UDL.png","contentUrl":"http:\/\/ww.univ-sba.dz\/fsecg\/wp-content\/uploads\/2024\/06\/NEW_LOGO_UDL.png","width":5106,"height":8241,"caption":"\u0643\u0644\u06cc\u0629 \u0627\u0644\u0639\u0644\u0648\u0645 \u0627\u0644\u0627\u0642\u062a\u0635\u0627\u062f\u06cc\u0629\u060c \u0627\u0644\u062a\u062c\u0627\u0631\u06cc\u0629\u060c \u0648\u0639\u0644\u0648\u0645 \u0627\u0644\u062a\u0633\u06cc\u06cc\u0631"},"image":{"@id":"http:\/\/ww.univ-sba.dz\/fsecg\/#\/schema\/logo\/image\/"}}]}},"_links":{"self":[{"href":"http:\/\/ww.univ-sba.dz\/fsecg\/wp-json\/wp\/v2\/pages\/28","targetHints":{"allow":["GET"]}}],"collection":[{"href":"http:\/\/ww.univ-sba.dz\/fsecg\/wp-json\/wp\/v2\/pages"}],"about":[{"href":"http:\/\/ww.univ-sba.dz\/fsecg\/wp-json\/wp\/v2\/types\/page"}],"author":[{"embeddable":true,"href":"http:\/\/ww.univ-sba.dz\/fsecg\/wp-json\/wp\/v2\/users\/7"}],"replies":[{"embeddable":true,"href":"http:\/\/ww.univ-sba.dz\/fsecg\/wp-json\/wp\/v2\/comments?post=28"}],"version-history":[{"count":6,"href":"http:\/\/ww.univ-sba.dz\/fsecg\/wp-json\/wp\/v2\/pages\/28\/revisions"}],"predecessor-version":[{"id":703,"href":"http:\/\/ww.univ-sba.dz\/fsecg\/wp-json\/wp\/v2\/pages\/28\/revisions\/703"}],"wp:attachment":[{"href":"http:\/\/ww.univ-sba.dz\/fsecg\/wp-json\/wp\/v2\/media?parent=28"}],"curies":[{"name":"wp","href":"https:\/\/api.w.org\/{rel}","templated":true}]}}